{"id":4710,"date":"2022-10-05T23:09:06","date_gmt":"2022-10-05T21:09:06","guid":{"rendered":"https:\/\/eipli.com\/?page_id=4710"},"modified":"2024-07-04T12:15:07","modified_gmt":"2024-07-04T10:15:07","slug":"tipologie-di-procedimento","status":"publish","type":"page","link":"https:\/\/acquedelsudspa.it\/trasparenza\/tipologie-di-procedimento\/","title":{"rendered":"Tipologie di procedimento"},"content":{"rendered":"\t\t<div data-elementor-type=\"wp-page\" data-elementor-id=\"4710\" class=\"elementor elementor-4710\" data-elementor-post-type=\"page\">\n\t\t\t\t\t\t<section class=\"elementor-section elementor-top-section elementor-element elementor-element-322e2ba elementor-section-boxed elementor-section-height-default elementor-section-height-default\" data-id=\"322e2ba\" data-element_type=\"section\" data-e-type=\"section\">\n\t\t\t\t\t\t<div class=\"elementor-container elementor-column-gap-default\">\n\t\t\t\t\t<div class=\"elementor-column elementor-col-100 elementor-top-column elementor-element elementor-element-ad3ccb1\" data-id=\"ad3ccb1\" data-element_type=\"column\" data-e-type=\"column\">\n\t\t\t<div class=\"elementor-widget-wrap\">\n\t\t\t\t\t\t\t<\/div>\n\t\t<\/div>\n\t\t\t\t\t<\/div>\n\t\t<\/section>\n\t\t\t\t<section class=\"elementor-section elementor-top-section elementor-element elementor-element-7b04a95 elementor-section-boxed elementor-section-height-default elementor-section-height-default\" data-id=\"7b04a95\" data-element_type=\"section\" data-e-type=\"section\">\n\t\t\t\t\t\t<div class=\"elementor-container elementor-column-gap-default\">\n\t\t\t\t\t<div class=\"elementor-column elementor-col-100 elementor-top-column elementor-element elementor-element-7fcbdbb\" data-id=\"7fcbdbb\" data-element_type=\"column\" data-e-type=\"column\">\n\t\t\t<div class=\"elementor-widget-wrap elementor-element-populated\">\n\t\t\t\t\t\t<section class=\"elementor-section elementor-inner-section elementor-element elementor-element-90cd5d2 elementor-section-boxed elementor-section-height-default elementor-section-height-default\" data-id=\"90cd5d2\" data-element_type=\"section\" data-e-type=\"section\">\n\t\t\t\t\t\t<div class=\"elementor-container elementor-column-gap-default\">\n\t\t\t\t\t<div class=\"elementor-column elementor-col-50 elementor-inner-column elementor-element elementor-element-61aa931\" data-id=\"61aa931\" data-element_type=\"column\" data-e-type=\"column\">\n\t\t\t<div class=\"elementor-widget-wrap elementor-element-populated\">\n\t\t\t\t\t\t<div class=\"elementor-element elementor-element-9f3a0cd elementor-widget elementor-widget-heading\" data-id=\"9f3a0cd\" data-element_type=\"widget\" data-e-type=\"widget\" data-widget_type=\"heading.default\">\n\t\t\t\t<div class=\"elementor-widget-container\">\n\t\t\t\t\t<h2 class=\"elementor-heading-title elementor-size-default\">Tipologie di procedimento<\/h2>\t\t\t\t<\/div>\n\t\t\t\t<\/div>\n\t\t\t\t\t<\/div>\n\t\t<\/div>\n\t\t\t\t<div class=\"elementor-column elementor-col-50 elementor-inner-column elementor-element elementor-element-bf63110\" data-id=\"bf63110\" data-element_type=\"column\" data-e-type=\"column\">\n\t\t\t<div class=\"elementor-widget-wrap elementor-element-populated\">\n\t\t\t\t\t\t<div class=\"elementor-element elementor-element-335a2e4 elementor-align-right elementor-hidden-mobile elementor-widget elementor-widget-button\" data-id=\"335a2e4\" data-element_type=\"widget\" data-e-type=\"widget\" data-widget_type=\"button.default\">\n\t\t\t\t<div class=\"elementor-widget-container\">\n\t\t\t\t\t\t\t\t\t<div class=\"elementor-button-wrapper\">\n\t\t\t\t\t<a class=\"elementor-button elementor-button-link elementor-size-sm\" href=\"#elementor-action%3Aaction%3Dpopup%3Aopen%26settings%3DeyJpZCI6IjIzMTY1IiwidG9nZ2xlIjpmYWxzZX0%3D\">\n\t\t\t\t\t\t<span class=\"elementor-button-content-wrapper\">\n\t\t\t\t\t\t<span class=\"elementor-button-icon\">\n\t\t\t\t<i aria-hidden=\"true\" class=\"icon icon-menu-button-of-three-horizontal-lines\"><\/i>\t\t\t<\/span>\n\t\t\t\t\t\t\t\t\t<span class=\"elementor-button-text\">Menu rapido<\/span>\n\t\t\t\t\t<\/span>\n\t\t\t\t\t<\/a>\n\t\t\t\t<\/div>\n\t\t\t\t\t\t\t\t<\/div>\n\t\t\t\t<\/div>\n\t\t\t\t\t<\/div>\n\t\t<\/div>\n\t\t\t\t\t<\/div>\n\t\t<\/section>\n\t\t\t\t\t<\/div>\n\t\t<\/div>\n\t\t\t\t\t<\/div>\n\t\t<\/section>\n\t\t\t\t<section class=\"elementor-section elementor-top-section elementor-element elementor-element-e5b90d0 elementor-section-boxed elementor-section-height-default elementor-section-height-default\" data-id=\"e5b90d0\" data-element_type=\"section\" data-e-type=\"section\">\n\t\t\t\t\t\t<div class=\"elementor-container elementor-column-gap-default\">\n\t\t\t\t\t<div class=\"elementor-column elementor-col-100 elementor-top-column elementor-element elementor-element-81cb2c0\" data-id=\"81cb2c0\" data-element_type=\"column\" data-e-type=\"column\">\n\t\t\t<div class=\"elementor-widget-wrap elementor-element-populated\">\n\t\t\t\t\t\t<div class=\"elementor-element elementor-element-e8c8e78 elementor-widget elementor-widget-text-editor\" data-id=\"e8c8e78\" data-element_type=\"widget\" data-e-type=\"widget\" data-widget_type=\"text-editor.default\">\n\t\t\t\t<div class=\"elementor-widget-container\">\n\t\t\t\t\t\t\t\t\t<p><span class=\"uk-text-danger\">Dati non pi\u00f9 soggetti a pubblicazione obbligatoria ai sensi del D. Lgs. 10\/2016.<br \/><\/span><\/p><div class=\"tm-main uk-width-medium-7-10 uk-row-first\"><main id=\"tm-content\" class=\"tm-content\"><div><section id=\"content\"><div id=\"yoo-zoo\" class=\"yoo-zoo trasparenza-default trasparenza-default-monitoraggio-tempi-procedimentali-2\"><div class=\"details alignment-right\"><div class=\"description\"><p class=\"uk-text-bold\"><strong>La presente rimane come sezione di Archivio.<\/strong><\/p><\/div><\/div><\/div><\/section><\/div><\/main><\/div>\t\t\t\t\t\t\t\t<\/div>\n\t\t\t\t<\/div>\n\t\t\t\t\t<\/div>\n\t\t<\/div>\n\t\t\t\t\t<\/div>\n\t\t<\/section>\n\t\t\t\t<section class=\"elementor-section elementor-top-section elementor-element elementor-element-2a670a7 elementor-section-boxed elementor-section-height-default elementor-section-height-default\" data-id=\"2a670a7\" data-element_type=\"section\" data-e-type=\"section\">\n\t\t\t\t\t\t<div class=\"elementor-container elementor-column-gap-default\">\n\t\t\t\t\t<div class=\"elementor-column elementor-col-100 elementor-top-column elementor-element elementor-element-0e9cdf3\" data-id=\"0e9cdf3\" data-element_type=\"column\" data-e-type=\"column\">\n\t\t\t<div class=\"elementor-widget-wrap elementor-element-populated\">\n\t\t\t\t\t\t<div class=\"elementor-element elementor-element-3e3ac03 elementor-widget elementor-widget-toggle\" data-id=\"3e3ac03\" data-element_type=\"widget\" data-e-type=\"widget\" data-widget_type=\"toggle.default\">\n\t\t\t\t<div class=\"elementor-widget-container\">\n\t\t\t\t\t\t\t<div class=\"elementor-toggle\">\n\t\t\t\t\t\t\t<div class=\"elementor-toggle-item\">\n\t\t\t\t\t<div id=\"elementor-tab-title-6521\" class=\"elementor-tab-title\" data-tab=\"1\" role=\"button\" aria-controls=\"elementor-tab-content-6521\" aria-expanded=\"false\">\n\t\t\t\t\t\t\t\t\t\t\t\t<span class=\"elementor-toggle-icon elementor-toggle-icon-left\" aria-hidden=\"true\">\n\t\t\t\t\t\t\t\t\t\t\t\t\t\t\t<span class=\"elementor-toggle-icon-closed\"><i class=\"fas fa-caret-right\"><\/i><\/span>\n\t\t\t\t\t\t\t\t<span class=\"elementor-toggle-icon-opened\"><i class=\"elementor-toggle-icon-opened fas fa-caret-up\"><\/i><\/span>\n\t\t\t\t\t\t\t\t\t\t\t\t\t<\/span>\n\t\t\t\t\t\t\t\t\t\t\t\t<a class=\"elementor-toggle-title\" tabindex=\"0\">Normativa di riferimento<\/a>\n\t\t\t\t\t<\/div>\n\n\t\t\t\t\t<div id=\"elementor-tab-content-6521\" class=\"elementor-tab-content elementor-clearfix\" data-tab=\"1\" role=\"region\" aria-labelledby=\"elementor-tab-title-6521\"><ul><li><span class=\"uk-text-bold\">Riferimenti normativi:<\/span>\u00a0D. Lgs. 14 Marzo 2013 n. 33 &#8211; Art. 35, c. 1 &#8211; Obblighi di pubblicazione relativi ai procedimenti amministrativi e ai controlli sulle dichiarazioni sostitutive e l&#8217;acquisizione d&#8217;ufficio dei dati.<\/li><li><span class=\"uk-text-bold\">Contenuti dell&#8217;obbligo<\/span>:<ul><li><i>Per ciascuna tipologia di procedimento<\/i>: breve descrizione del procedimento con indicazione di tutti i riferimenti normativi utili, unit\u00e0 organizzative responsabili dell&#8217;istruttoria, l&#8217;ufficio del procedimento, unitamente ai recapiti telefonici e alla casella di posta elettronica istituzionale, ove diverso, l&#8217;ufficio competente all&#8217;adozione del provvedimento finale, con l&#8217;indicazione del nome del responsabile dell&#8217;ufficio unitamente ai rispettivi recapiti telefonici e alla casella di posta elettronica istituzionale, modalit\u00e0 con le quali gli interessati possono ottenere le informazioni relative ai procedimenti in corso che li riguardino, termine fissato in sede di disciplina normativa del procedimento per la conclusione con l&#8217;adozione di un provvedimento espresso e ogni altro termine procedimentale rilevante, procedimenti per i quali il provvedimento dell&#8217;amministrazione pu\u00f2 essere sostituito da una dichiarazione dell&#8217;interessato ovvero il procedimento pu\u00f2 concludersi con il silenzio-assenso dell&#8217;amministrazione, strumenti di tutela amministrativa e giurisdizionale, riconosciuti dalla legge in favore dell&#8217;interessato, nel corso del procedimento nei confronti del provvedimento finale ovvero nei casi di adozione del provvedimento oltre il termine predeterminato per la sua conclusione e i modi per attivarli, link di accesso al servizio on line, ove sia gi\u00e0 disponibile in rete, o tempi previsti per la sua attivazione, modalit\u00e0 per l&#8217;effettuazione dei pagamenti eventualmente necessari, con i codici IBAN identificativi del conto di pagamento, ovvero di imputazione del versamento in Tesoreria, tramite i quali i soggetti versanti possono effettuare i pagamenti mediante bonifico bancario o postale, ovvero gli identificativi del conto corrente postale sul quale i soggetti versanti possono effettuare i pagamenti mediante bollettino postale, nonch\u00e8 i codici identificativi del pagamento da indicare obbligatoriamente per il versamento, nome del soggetto a cui \u00e8 attribuito, in caso di inerzia, il potere sostitutivo, nonch\u00e8 modalit\u00e0 per attivare tale potere, con indicazione dei recapiti telefonici e delle caselle di posta elettronica istituzionale;<\/li><li><i>Per i procedimenti ad istanza di parte<\/i>: atti e documenti da allegare all&#8217;istanza e modulistica necessaria, compresi i fac-simile per le autocertificazioni, uffici ai quali rivolgersi per informazioni, orari e modalit\u00e0 di accesso con indicazione degli indirizzi, recapiti telefonici e caselle di posta elettronica istituzionale a cui presentare le istanze<\/li><\/ul><\/li><li><span class=\"uk-text-bold\">Aggiornamento<\/span>: Tempestivo (ex art. 8, d.lgs. n. 33\/2013)<\/li><\/ul><\/div>\n\t\t\t\t<\/div>\n\t\t\t\t\t\t\t\t<\/div>\n\t\t\t\t\t\t<\/div>\n\t\t\t\t<\/div>\n\t\t\t\t<div class=\"elementor-element elementor-element-7637bc8 elementor-grid-1 elementor-posts--thumbnail-top elementor-grid-tablet-2 elementor-grid-mobile-1 elementor-widget elementor-widget-posts\" data-id=\"7637bc8\" data-element_type=\"widget\" data-e-type=\"widget\" data-settings=\"{&quot;custom_columns&quot;:&quot;1&quot;,&quot;custom_row_gap&quot;:{&quot;unit&quot;:&quot;px&quot;,&quot;size&quot;:0,&quot;sizes&quot;:[]},&quot;custom_columns_tablet&quot;:&quot;2&quot;,&quot;custom_columns_mobile&quot;:&quot;1&quot;,&quot;custom_row_gap_tablet&quot;:{&quot;unit&quot;:&quot;px&quot;,&quot;size&quot;:&quot;&quot;,&quot;sizes&quot;:[]},&quot;custom_row_gap_mobile&quot;:{&quot;unit&quot;:&quot;px&quot;,&quot;size&quot;:&quot;&quot;,&quot;sizes&quot;:[]}}\" data-widget_type=\"posts.custom\">\n\t\t\t\t<div class=\"elementor-widget-container\">\n\t\t\t\t\t      <div class=\"ecs-posts elementor-posts-container elementor-posts   elementor-grid elementor-posts--skin-custom\" data-settings=\"{&quot;current_page&quot;:1,&quot;max_num_pages&quot;:0,&quot;load_method&quot;:&quot;numbers&quot;,&quot;widget_id&quot;:&quot;7637bc8&quot;,&quot;post_id&quot;:4710,&quot;theme_id&quot;:4710,&quot;change_url&quot;:false,&quot;reinit_js&quot;:false}\">\n      <div class=\"elementor-posts-nothing-found\"><\/div>\t\t<\/div>\n\t\t\t\t\t\t<\/div>\n\t\t\t\t<\/div>\n\t\t\t\t\t<\/div>\n\t\t<\/div>\n\t\t\t\t\t<\/div>\n\t\t<\/section>\n\t\t\t\t<\/div>\n\t\t","protected":false},"excerpt":{"rendered":"<p>Menu rapido Dati non pi\u00f9 soggetti a pubblicazione obbligatoria ai sensi del D. Lgs. 10\/2016. La presente rimane come sezione di Archivio. Normativa di riferimento Riferimenti normativi:\u00a0D. Lgs. 14 Marzo 2013 n. 33 &#8211; Art. 35, c. 1 &#8211; Obblighi di pubblicazione relativi ai procedimenti amministrativi e ai controlli sulle dichiarazioni sostitutive e l&#8217;acquisizione d&#8217;ufficio [&hellip;]<\/p>\n","protected":false},"author":1,"featured_media":0,"parent":0,"menu_order":0,"comment_status":"closed","ping_status":"closed","template":"elementor_header_footer","meta":{"_acf_changed":false,"footnotes":""},"class_list":["post-4710","page","type-page","status-publish","hentry"],"acf":[],"_links":{"self":[{"href":"https:\/\/acquedelsudspa.it\/trasparenza\/wp-json\/wp\/v2\/pages\/4710","targetHints":{"allow":["GET"]}}],"collection":[{"href":"https:\/\/acquedelsudspa.it\/trasparenza\/wp-json\/wp\/v2\/pages"}],"about":[{"href":"https:\/\/acquedelsudspa.it\/trasparenza\/wp-json\/wp\/v2\/types\/page"}],"author":[{"embeddable":true,"href":"https:\/\/acquedelsudspa.it\/trasparenza\/wp-json\/wp\/v2\/users\/1"}],"replies":[{"embeddable":true,"href":"https:\/\/acquedelsudspa.it\/trasparenza\/wp-json\/wp\/v2\/comments?post=4710"}],"version-history":[{"count":3,"href":"https:\/\/acquedelsudspa.it\/trasparenza\/wp-json\/wp\/v2\/pages\/4710\/revisions"}],"predecessor-version":[{"id":23309,"href":"https:\/\/acquedelsudspa.it\/trasparenza\/wp-json\/wp\/v2\/pages\/4710\/revisions\/23309"}],"wp:attachment":[{"href":"https:\/\/acquedelsudspa.it\/trasparenza\/wp-json\/wp\/v2\/media?parent=4710"}],"curies":[{"name":"wp","href":"https:\/\/api.w.org\/{rel}","templated":true}]}}